{"id":1360,"date":"2025-03-28T14:44:22","date_gmt":"2025-03-28T13:44:22","guid":{"rendered":"https:\/\/silvanmga.eu\/silvan-mga-luxurioese-moebel-nach-mass-fuer-zuhause-und-yachten\/"},"modified":"2025-06-26T13:55:24","modified_gmt":"2025-06-26T11:55:24","slug":"silvan-mga-luxurioese-moebel-nach-mass-fuer-zuhause-und-yachten","status":"publish","type":"page","link":"https:\/\/silvanmga.eu\/de\/","title":{"rendered":"Silvan MGA \u2013 Luxuri\u00f6se M\u00f6bel nach Ma\u00df f\u00fcr Zuhause und Yachten"},"content":{"rendered":"","protected":false},"excerpt":{"rendered":"","protected":false},"author":1,"featured_media":1160,"parent":0,"menu_order":0,"comment_status":"closed","ping_status":"closed","template":"","meta":{"footnotes":""},"class_list":["post-1360","page","type-page","status-publish","has-post-thumbnail","hentry"],"_links":{"self":[{"href":"https:\/\/silvanmga.eu\/de\/wp-json\/wp\/v2\/pages\/1360","targetHints":{"allow":["GET"]}}],"collection":[{"href":"https:\/\/silvanmga.eu\/de\/wp-json\/wp\/v2\/pages"}],"about":[{"href":"https:\/\/silvanmga.eu\/de\/wp-json\/wp\/v2\/types\/page"}],"author":[{"embeddable":true,"href":"https:\/\/silvanmga.eu\/de\/wp-json\/wp\/v2\/users\/1"}],"replies":[{"embeddable":true,"href":"https:\/\/silvanmga.eu\/de\/wp-json\/wp\/v2\/comments?post=1360"}],"version-history":[{"count":3,"href":"https:\/\/silvanmga.eu\/de\/wp-json\/wp\/v2\/pages\/1360\/revisions"}],"predecessor-version":[{"id":1496,"href":"https:\/\/silvanmga.eu\/de\/wp-json\/wp\/v2\/pages\/1360\/revisions\/1496"}],"wp:featuredmedia":[{"embeddable":true,"href":"https:\/\/silvanmga.eu\/de\/wp-json\/wp\/v2\/media\/1160"}],"wp:attachment":[{"href":"https:\/\/silvanmga.eu\/de\/wp-json\/wp\/v2\/media?parent=1360"}],"curies":[{"name":"wp","href":"https:\/\/api.w.org\/{rel}","templated":true}]}}